{"id":5225,"date":"2023-06-21T13:41:58","date_gmt":"2023-06-21T13:41:58","guid":{"rendered":"https:\/\/vipdogwear.com\/?post_type=product&#038;p=5225"},"modified":"2026-03-24T12:02:16","modified_gmt":"2026-03-24T12:02:16","slug":"v-i-p-hunting-15kg","status":"publish","type":"product","link":"https:\/\/vipdogwear.com\/en\/nettbutikk\/v-i-p-hunting-15kg\/","title":{"rendered":"V.I.P. HUNTING 15kg"},"content":{"rendered":"","protected":false},"excerpt":{"rendered":"<ul>\n<li>Ekstremt lett ford\u00f8yelig og hypoallergenisk h\u00f8yenergi f\u00f4r<\/li>\n<li>Super Premium fullf\u00f4r for aktive hunder<\/li>\n<li>Kylling, svin<\/li>\n<li>Med glukosamin for bedre ledd funksjon og bevegelighet<\/li>\n<li>Topp smakelighet<\/li>\n<li>Lett ford\u00f8yelig (kun ris som karbohydratkilde)<\/li>\n<li>Passer alle hunderaser<\/li>\n<li>Energifordeling: 25% protein, 20% fett<\/li>\n<li>15kg<\/li>\n<li>3870 kcal\/kg<\/li>\n<\/ul>\n<p><a href=\"http:\/\/forhandler.vipdogwear.com\/wp-content\/uploads\/2026\/03\/Ny-VIP-HUNTING-15kg.pdf\" target=\"_blank\" rel=\"noopener\">Last ned produktinformasjon<\/a><\/p>\n","protected":false},"featured_media":9242,"comment_status":"closed","ping_status":"closed","template":"","meta":{"_acf_changed":false,"site-sidebar-layout":"default","site-content-layout":"default","ast-site-content-layout":"default","site-content-style":"default","site-sidebar-style":"default","ast-global-header-display":"","ast-banner-title-visibility":"","ast-main-header-display":"","ast-hfb-above-header-display":"","ast-hfb-below-header-display":"","ast-hfb-mobile-header-display":"","site-post-title":"","ast-breadcrumbs-content":"","ast-featured-img":"","footer-sml-layout":"","theme-transparent-header-meta":"default","adv-header-id-meta":"","stick-header-meta":"default","header-above-stick-meta":"","header-main-stick-meta":"","header-below-stick-meta":"","astra-migrate-meta-layouts":"set","ast-page-background-enabled":"default","ast-page-background-meta":{"desktop":{"background-color":"","background-image":"","background-repeat":"repeat","background-position":"center center","background-size":"auto","background-attachment":"scroll","background-type":"","background-media":"","overlay-type":"","overlay-color":"","overlay-opacity":"","overlay-gradient":""},"tablet":{"background-color":"","background-image":"","background-repeat":"repeat","background-position":"center center","background-size":"auto","background-attachment":"scroll","background-type":"","background-media":"","overlay-type":"","overlay-color":"","overlay-opacity":"","overlay-gradient":""},"mobile":{"background-color":"","background-image":"","background-repeat":"repeat","background-position":"center center","background-size":"auto","background-attachment":"scroll","background-type":"","background-media":"","overlay-type":"","overlay-color":"","overlay-opacity":"","overlay-gradient":""}},"ast-content-background-meta":{"desktop":{"background-color":"var(--ast-global-color-5)","background-image":"","background-repeat":"repeat","background-position":"center center","background-size":"auto","background-attachment":"scroll","background-type":"","background-media":"","overlay-type":"","overlay-color":"","overlay-opacity":"","overlay-gradient":""},"tablet":{"background-color":"var(--ast-global-color-5)","background-image":"","background-repeat":"repeat","background-position":"center center","background-size":"auto","background-attachment":"scroll","background-type":"","background-media":"","overlay-type":"","overlay-color":"","overlay-opacity":"","overlay-gradient":""},"mobile":{"background-color":"var(--ast-global-color-5)","background-image":"","background-repeat":"repeat","background-position":"center center","background-size":"auto","background-attachment":"scroll","background-type":"","background-media":"","overlay-type":"","overlay-color":"","overlay-opacity":"","overlay-gradient":""}}},"product_brand":[],"product_cat":[95,98],"product_tag":[],"class_list":{"0":"post-5225","1":"product","2":"type-product","3":"status-publish","4":"has-post-thumbnail","6":"product_cat-torrfor","7":"product_cat-v-i-p-hund","8":"product_shipping_class-vatfor-torrfor","9":"desktop-align-left","10":"tablet-align-left","11":"mobile-align-left","13":"first","14":"instock","15":"taxable","16":"shipping-taxable","17":"purchasable","18":"product-type-simple"},"bundled_by":[],"bundle_stock_status":"instock","bundle_stock_quantity":null,"bundle_virtual":false,"bundle_layout":"","bundle_add_to_cart_form_location":"","bundle_editable_in_cart":false,"bundle_sold_individually_context":"","bundle_item_grouping":"","bundle_min_size":"","bundle_max_size":"","bundled_items":[],"bundle_sell_ids":[],"acf":[],"yoast_head":"<!-- This site is optimized with the Yoast SEO plugin v27.0 - https:\/\/yoast.com\/product\/yoast-seo-wordpress\/ -->\n<title>V.I.P. HUNTING 15kg - V.I.P dogwear<\/title>\n<meta name=\"robots\" content=\"index, follow, max-snippet:-1, max-image-preview:large, max-video-preview:-1\" \/>\n<link rel=\"canonical\" href=\"https:\/\/vipdogwear.com\/nettbutikk\/v-i-p-hunting-15kg\/\" \/>\n<meta property=\"og:locale\" content=\"en_US\" \/>\n<meta property=\"og:type\" content=\"article\" \/>\n<meta property=\"og:title\" content=\"V.I.P. HUNTING 15kg - V.I.P dogwear\" \/>\n<meta property=\"og:description\" content=\"Ekstremt lett ford\u00f8yelig og hypoallergenisk h\u00f8yenergi f\u00f4r  Super Premium fullf\u00f4r for aktive hunder  Kylling, svin  Med glukosamin for bedre ledd funksjon og bevegelighet  Topp smakelighet  Lett ford\u00f8yelig (kun ris som karbohydratkilde)  Passer alle hunderaser  Energifordeling: 25% protein, 20% fett  15kg  3870 kcal\/kg  Last ned produktinformasjon\" \/>\n<meta property=\"og:url\" content=\"https:\/\/vipdogwear.com\/nettbutikk\/v-i-p-hunting-15kg\/\" \/>\n<meta property=\"og:site_name\" content=\"V.I.P dogwear\" \/>\n<meta property=\"article:modified_time\" content=\"2026-03-24T12:02:16+00:00\" \/>\n<meta property=\"og:image\" content=\"https:\/\/vipdogwear.com\/wp-content\/uploads\/2023\/06\/Hunting-15kg-1x1-2.png\" \/>\n\t<meta property=\"og:image:width\" content=\"1000\" \/>\n\t<meta property=\"og:image:height\" content=\"1000\" \/>\n\t<meta property=\"og:image:type\" content=\"image\/png\" \/>\n<meta name=\"twitter:card\" content=\"summary_large_image\" \/>\n<meta name=\"twitter:label1\" content=\"Est. reading time\" \/>\n\t<meta name=\"twitter:data1\" content=\"1 minute\" \/>\n<script type=\"application\/ld+json\" class=\"yoast-schema-graph\">{\"@context\":\"https:\/\/schema.org\",\"@graph\":[{\"@type\":\"WebPage\",\"@id\":\"https:\/\/vipdogwear.com\/nettbutikk\/v-i-p-hunting-15kg\/\",\"url\":\"https:\/\/vipdogwear.com\/nettbutikk\/v-i-p-hunting-15kg\/\",\"name\":\"V.I.P. HUNTING 15kg - V.I.P dogwear\",\"isPartOf\":{\"@id\":\"https:\/\/vipdogwear.com\/#website\"},\"primaryImageOfPage\":{\"@id\":\"https:\/\/vipdogwear.com\/nettbutikk\/v-i-p-hunting-15kg\/#primaryimage\"},\"image\":{\"@id\":\"https:\/\/vipdogwear.com\/nettbutikk\/v-i-p-hunting-15kg\/#primaryimage\"},\"thumbnailUrl\":\"https:\/\/vipdogwear.com\/wp-content\/uploads\/2023\/06\/Hunting-15kg-1x1-2.png\",\"datePublished\":\"2023-06-21T13:41:58+00:00\",\"dateModified\":\"2026-03-24T12:02:16+00:00\",\"breadcrumb\":{\"@id\":\"https:\/\/vipdogwear.com\/nettbutikk\/v-i-p-hunting-15kg\/#breadcrumb\"},\"inLanguage\":\"en-US\",\"potentialAction\":[{\"@type\":\"ReadAction\",\"target\":[\"https:\/\/vipdogwear.com\/nettbutikk\/v-i-p-hunting-15kg\/\"]}]},{\"@type\":\"ImageObject\",\"inLanguage\":\"en-US\",\"@id\":\"https:\/\/vipdogwear.com\/nettbutikk\/v-i-p-hunting-15kg\/#primaryimage\",\"url\":\"https:\/\/vipdogwear.com\/wp-content\/uploads\/2023\/06\/Hunting-15kg-1x1-2.png\",\"contentUrl\":\"https:\/\/vipdogwear.com\/wp-content\/uploads\/2023\/06\/Hunting-15kg-1x1-2.png\",\"width\":1000,\"height\":1000},{\"@type\":\"BreadcrumbList\",\"@id\":\"https:\/\/vipdogwear.com\/nettbutikk\/v-i-p-hunting-15kg\/#breadcrumb\",\"itemListElement\":[{\"@type\":\"ListItem\",\"position\":1,\"name\":\"Hjem\",\"item\":\"https:\/\/vipdogwear.com\/en\/\"},{\"@type\":\"ListItem\",\"position\":2,\"name\":\"Shop\",\"item\":\"https:\/\/vipdogwear.com\/en\/shop-2\/\"},{\"@type\":\"ListItem\",\"position\":3,\"name\":\"T\u00f8rrf\u00f4r\",\"item\":\"https:\/\/vipdogwear.com\/produkt-kategori\/torrfor\/\"},{\"@type\":\"ListItem\",\"position\":4,\"name\":\"V.I.P. HUNTING 15kg\"}]},{\"@type\":\"WebSite\",\"@id\":\"https:\/\/vipdogwear.com\/#website\",\"url\":\"https:\/\/vipdogwear.com\/\",\"name\":\"V.I.P dogwear\",\"description\":\"Vi f\u00f4rer dine firbente venner, uansett type, alder eller aktivitetsniv\u00e5\",\"publisher\":{\"@id\":\"https:\/\/vipdogwear.com\/#organization\"},\"potentialAction\":[{\"@type\":\"SearchAction\",\"target\":{\"@type\":\"EntryPoint\",\"urlTemplate\":\"https:\/\/vipdogwear.com\/?s={search_term_string}\"},\"query-input\":{\"@type\":\"PropertyValueSpecification\",\"valueRequired\":true,\"valueName\":\"search_term_string\"}}],\"inLanguage\":\"en-US\"},{\"@type\":\"Organization\",\"@id\":\"https:\/\/vipdogwear.com\/#organization\",\"name\":\"VIP Dogwear\",\"url\":\"https:\/\/vipdogwear.com\/\",\"logo\":{\"@type\":\"ImageObject\",\"inLanguage\":\"en-US\",\"@id\":\"https:\/\/vipdogwear.com\/#\/schema\/logo\/image\/\",\"url\":\"https:\/\/vipdogwear.com\/wp-content\/uploads\/2019\/02\/vip-logo-org.png\",\"contentUrl\":\"https:\/\/vipdogwear.com\/wp-content\/uploads\/2019\/02\/vip-logo-org.png\",\"width\":468,\"height\":93,\"caption\":\"VIP Dogwear\"},\"image\":{\"@id\":\"https:\/\/vipdogwear.com\/#\/schema\/logo\/image\/\"}}]}<\/script>\n<!-- \/ Yoast SEO plugin. -->","yoast_head_json":{"title":"V.I.P. HUNTING 15kg - V.I.P dogwear","robots":{"index":"index","follow":"follow","max-snippet":"max-snippet:-1","max-image-preview":"max-image-preview:large","max-video-preview":"max-video-preview:-1"},"canonical":"https:\/\/vipdogwear.com\/nettbutikk\/v-i-p-hunting-15kg\/","og_locale":"en_US","og_type":"article","og_title":"V.I.P. HUNTING 15kg - V.I.P dogwear","og_description":"Ekstremt lett ford\u00f8yelig og hypoallergenisk h\u00f8yenergi f\u00f4r  Super Premium fullf\u00f4r for aktive hunder  Kylling, svin  Med glukosamin for bedre ledd funksjon og bevegelighet  Topp smakelighet  Lett ford\u00f8yelig (kun ris som karbohydratkilde)  Passer alle hunderaser  Energifordeling: 25% protein, 20% fett  15kg  3870 kcal\/kg  Last ned produktinformasjon","og_url":"https:\/\/vipdogwear.com\/nettbutikk\/v-i-p-hunting-15kg\/","og_site_name":"V.I.P dogwear","article_modified_time":"2026-03-24T12:02:16+00:00","og_image":[{"width":1000,"height":1000,"url":"https:\/\/vipdogwear.com\/wp-content\/uploads\/2023\/06\/Hunting-15kg-1x1-2.png","type":"image\/png"}],"twitter_card":"summary_large_image","twitter_misc":{"Est. reading time":"1 minute"},"schema":{"@context":"https:\/\/schema.org","@graph":[{"@type":"WebPage","@id":"https:\/\/vipdogwear.com\/nettbutikk\/v-i-p-hunting-15kg\/","url":"https:\/\/vipdogwear.com\/nettbutikk\/v-i-p-hunting-15kg\/","name":"V.I.P. HUNTING 15kg - V.I.P dogwear","isPartOf":{"@id":"https:\/\/vipdogwear.com\/#website"},"primaryImageOfPage":{"@id":"https:\/\/vipdogwear.com\/nettbutikk\/v-i-p-hunting-15kg\/#primaryimage"},"image":{"@id":"https:\/\/vipdogwear.com\/nettbutikk\/v-i-p-hunting-15kg\/#primaryimage"},"thumbnailUrl":"https:\/\/vipdogwear.com\/wp-content\/uploads\/2023\/06\/Hunting-15kg-1x1-2.png","datePublished":"2023-06-21T13:41:58+00:00","dateModified":"2026-03-24T12:02:16+00:00","breadcrumb":{"@id":"https:\/\/vipdogwear.com\/nettbutikk\/v-i-p-hunting-15kg\/#breadcrumb"},"inLanguage":"en-US","potentialAction":[{"@type":"ReadAction","target":["https:\/\/vipdogwear.com\/nettbutikk\/v-i-p-hunting-15kg\/"]}]},{"@type":"ImageObject","inLanguage":"en-US","@id":"https:\/\/vipdogwear.com\/nettbutikk\/v-i-p-hunting-15kg\/#primaryimage","url":"https:\/\/vipdogwear.com\/wp-content\/uploads\/2023\/06\/Hunting-15kg-1x1-2.png","contentUrl":"https:\/\/vipdogwear.com\/wp-content\/uploads\/2023\/06\/Hunting-15kg-1x1-2.png","width":1000,"height":1000},{"@type":"BreadcrumbList","@id":"https:\/\/vipdogwear.com\/nettbutikk\/v-i-p-hunting-15kg\/#breadcrumb","itemListElement":[{"@type":"ListItem","position":1,"name":"Hjem","item":"https:\/\/vipdogwear.com\/en\/"},{"@type":"ListItem","position":2,"name":"Shop","item":"https:\/\/vipdogwear.com\/en\/shop-2\/"},{"@type":"ListItem","position":3,"name":"T\u00f8rrf\u00f4r","item":"https:\/\/vipdogwear.com\/produkt-kategori\/torrfor\/"},{"@type":"ListItem","position":4,"name":"V.I.P. HUNTING 15kg"}]},{"@type":"WebSite","@id":"https:\/\/vipdogwear.com\/#website","url":"https:\/\/vipdogwear.com\/","name":"V.I.P dogwear","description":"Vi f\u00f4rer dine firbente venner, uansett type, alder eller aktivitetsniv\u00e5","publisher":{"@id":"https:\/\/vipdogwear.com\/#organization"},"potentialAction":[{"@type":"SearchAction","target":{"@type":"EntryPoint","urlTemplate":"https:\/\/vipdogwear.com\/?s={search_term_string}"},"query-input":{"@type":"PropertyValueSpecification","valueRequired":true,"valueName":"search_term_string"}}],"inLanguage":"en-US"},{"@type":"Organization","@id":"https:\/\/vipdogwear.com\/#organization","name":"VIP Dogwear","url":"https:\/\/vipdogwear.com\/","logo":{"@type":"ImageObject","inLanguage":"en-US","@id":"https:\/\/vipdogwear.com\/#\/schema\/logo\/image\/","url":"https:\/\/vipdogwear.com\/wp-content\/uploads\/2019\/02\/vip-logo-org.png","contentUrl":"https:\/\/vipdogwear.com\/wp-content\/uploads\/2019\/02\/vip-logo-org.png","width":468,"height":93,"caption":"VIP Dogwear"},"image":{"@id":"https:\/\/vipdogwear.com\/#\/schema\/logo\/image\/"}}]}},"_links":{"self":[{"href":"https:\/\/vipdogwear.com\/en\/wp-json\/wp\/v2\/product\/5225","targetHints":{"allow":["GET"]}}],"collection":[{"href":"https:\/\/vipdogwear.com\/en\/wp-json\/wp\/v2\/product"}],"about":[{"href":"https:\/\/vipdogwear.com\/en\/wp-json\/wp\/v2\/types\/product"}],"replies":[{"embeddable":true,"href":"https:\/\/vipdogwear.com\/en\/wp-json\/wp\/v2\/comments?post=5225"}],"wp:featuredmedia":[{"embeddable":true,"href":"https:\/\/vipdogwear.com\/en\/wp-json\/wp\/v2\/media\/9242"}],"wp:attachment":[{"href":"https:\/\/vipdogwear.com\/en\/wp-json\/wp\/v2\/media?parent=5225"}],"wp:term":[{"taxonomy":"product_brand","embeddable":true,"href":"https:\/\/vipdogwear.com\/en\/wp-json\/wp\/v2\/product_brand?post=5225"},{"taxonomy":"product_cat","embeddable":true,"href":"https:\/\/vipdogwear.com\/en\/wp-json\/wp\/v2\/product_cat?post=5225"},{"taxonomy":"product_tag","embeddable":true,"href":"https:\/\/vipdogwear.com\/en\/wp-json\/wp\/v2\/product_tag?post=5225"}],"curies":[{"name":"wp","href":"https:\/\/api.w.org\/{rel}","templated":true}]}}