{"id":9349,"date":"2025-09-30T13:20:11","date_gmt":"2025-09-30T13:20:11","guid":{"rendered":"https:\/\/vipdogwear.com\/?post_type=product&#038;p=9349"},"modified":"2026-03-24T11:31:07","modified_gmt":"2026-03-24T11:31:07","slug":"vip-adult-light-vital-15kg","status":"publish","type":"product","link":"https:\/\/vipdogwear.com\/en\/nettbutikk\/vip-adult-light-vital-15kg\/","title":{"rendered":"VIP Adult Light Vital 15kg"},"content":{"rendered":"<p><em>Sammensetning: <\/em><br \/>\nDehydrert kj\u00f8ttprotein (min. 4% fj\u00e6rfe), havre, mais, ris (min. 4% ris), biprodukter av<br \/>\nvegetabilsk opprinnelse (min. 3% roemasse), r\u00e5oljer og fett (min. 2,5% fj\u00e6rfefett, min.<br \/>\n0,5% fiskeolje), gj\u00e6r (Saccharomyces cerevisiae), mineralstoffer, gj\u00e6rekstrakt (kilde til<br \/>\nmannooligosakkarider), cikorie (kilde til fruktooligosakkarider).<\/p>\n<p><em>Analytiske bestanddeler: <\/em><br \/>\nProtein 24,0%, Fettinnhold 9,0%, R\u00e5fiber 3,5%, Uorganisk materiale 8,0%, Fuktighet<br \/>\n10,0%.<\/p>\n<p><em>Ern\u00e6ringsmessige tilsetningsstoffer pr kg<\/em>: Vitamin A 22.500 IE \/ kg, Vitamin D-3 1.300<br \/>\nIE \/ kg, Vitamin E (d \/ \u03b1-tokoferylacetat) 130 mg \/ kg, E1 \/ Jern 162 mg \/ kg, E4 \/<br \/>\nKobber 13 mg \/ kg, E5 \/ mangan 12 mg \/ kg, E6 \/ sink 143 mg \/ kg, E2 \/ jod 2,3 mg \/ kg,<br \/>\nE8 \/ selen 0,3 mg \/ kg. Antioksidanter og konserveringsmidler.<\/p>\n<p><em>Holdbarhet<\/em>: Oppbevares m\u00f8rkt, romtemperatur eller kj\u00f8ligere. Ikke direkte sollys.<br \/>\nFremstilt 18 m\u00e5neder f\u00f8r \u00abbest f\u00f8r dato\u00bb<\/p>\n<p><em>Brukerveiledning:<\/em> Klar til servering. Du kan f\u00f4re i 1-2 avm\u00e5lte m\u00e5ltider om dagen.<br \/>\nHunden skal alltid ha tilgang til friskt vann.<\/p>\n<p><em>Best f\u00f8r \/ batchnummer:<\/em> Se sekkens bakside<\/p>\n","protected":false},"excerpt":{"rendered":"<p>&nbsp;<\/p>\n<ul>\n<li>Tilpasset voksne\/eldre hunder med lavere energibehov\/ eller de som trenger \u00e5 g\u00e5 ned i vekt<\/li>\n<li>Redusert fettinnhold \u2013 st\u00f8tter vektkontroll<\/li>\n<li>Et balansert f\u00f4r basert p\u00e5 fj\u00e6rfeprotein, ris og havre<\/li>\n<li data-start=\"1419\" data-end=\"1475\">Med MOS og FOS \u2013 prebiotiske fibre for sunn ford\u00f8yelse<\/li>\n<li>Rik p\u00e5 vitaminer og mineraler<\/li>\n<li>Topp smakelighet<\/li>\n<li>Energifordeling: 24% protein, 9% fett<\/li>\n<li>15 kg<\/li>\n<li>3445 kcal\/kg<\/li>\n<\/ul>\n<p><a href=\"http:\/\/forhandler.vipdogwear.com\/wp-content\/uploads\/2026\/03\/adult-light-vital-2-1x1-1.png\">Last ned produktinformasjon<\/a><\/p>\n","protected":false},"featured_media":9350,"comment_status":"closed","ping_status":"closed","template":"","meta":{"_acf_changed":false,"site-sidebar-layout":"default","site-content-layout":"","ast-site-content-layout":"default","site-content-style":"default","site-sidebar-style":"default","ast-global-header-display":"","ast-banner-title-visibility":"","ast-main-header-display":"","ast-hfb-above-header-display":"","ast-hfb-below-header-display":"","ast-hfb-mobile-header-display":"","site-post-title":"","ast-breadcrumbs-content":"","ast-featured-img":"","footer-sml-layout":"","theme-transparent-header-meta":"default","adv-header-id-meta":"","stick-header-meta":"default","header-above-stick-meta":"","header-main-stick-meta":"","header-below-stick-meta":"","astra-migrate-meta-layouts":"set","ast-page-background-enabled":"default","ast-page-background-meta":{"desktop":{"background-color":"","background-image":"","background-repeat":"repeat","background-position":"center center","background-size":"auto","background-attachment":"scroll","background-type":"","background-media":"","overlay-type":"","overlay-color":"","overlay-opacity":"","overlay-gradient":""},"tablet":{"background-color":"","background-image":"","background-repeat":"repeat","background-position":"center center","background-size":"auto","background-attachment":"scroll","background-type":"","background-media":"","overlay-type":"","overlay-color":"","overlay-opacity":"","overlay-gradient":""},"mobile":{"background-color":"","background-image":"","background-repeat":"repeat","background-position":"center center","background-size":"auto","background-attachment":"scroll","background-type":"","background-media":"","overlay-type":"","overlay-color":"","overlay-opacity":"","overlay-gradient":""}},"ast-content-background-meta":{"desktop":{"background-color":"var(--ast-global-color-5)","background-image":"","background-repeat":"repeat","background-position":"center center","background-size":"auto","background-attachment":"scroll","background-type":"","background-media":"","overlay-type":"","overlay-color":"","overlay-opacity":"","overlay-gradient":""},"tablet":{"background-color":"var(--ast-global-color-5)","background-image":"","background-repeat":"repeat","background-position":"center center","background-size":"auto","background-attachment":"scroll","background-type":"","background-media":"","overlay-type":"","overlay-color":"","overlay-opacity":"","overlay-gradient":""},"mobile":{"background-color":"var(--ast-global-color-5)","background-image":"","background-repeat":"repeat","background-position":"center center","background-size":"auto","background-attachment":"scroll","background-type":"","background-media":"","overlay-type":"","overlay-color":"","overlay-opacity":"","overlay-gradient":""}}},"product_brand":[],"product_cat":[95,98],"product_tag":[],"class_list":{"0":"post-9349","1":"product","2":"type-product","3":"status-publish","4":"has-post-thumbnail","6":"product_cat-torrfor","7":"product_cat-v-i-p-hund","8":"desktop-align-left","9":"tablet-align-left","10":"mobile-align-left","12":"first","13":"instock","14":"taxable","15":"shipping-taxable","16":"purchasable","17":"product-type-simple"},"bundled_by":[],"bundle_stock_status":"instock","bundle_stock_quantity":null,"bundle_virtual":false,"bundle_layout":"","bundle_add_to_cart_form_location":"","bundle_editable_in_cart":false,"bundle_sold_individually_context":"","bundle_item_grouping":"","bundle_min_size":"","bundle_max_size":"","bundled_items":[],"bundle_sell_ids":[],"acf":[],"yoast_head":"<!-- This site is optimized with the Yoast SEO plugin v27.0 - https:\/\/yoast.com\/product\/yoast-seo-wordpress\/ -->\n<title>VIP Adult Light Vital 15kg - V.I.P dogwear<\/title>\n<meta name=\"robots\" content=\"index, follow, max-snippet:-1, max-image-preview:large, max-video-preview:-1\" \/>\n<link rel=\"canonical\" href=\"https:\/\/vipdogwear.com\/nettbutikk\/vip-adult-light-vital-15kg\/\" \/>\n<meta property=\"og:locale\" content=\"en_US\" \/>\n<meta property=\"og:type\" content=\"article\" \/>\n<meta property=\"og:title\" content=\"VIP Adult Light Vital 15kg - V.I.P dogwear\" \/>\n<meta property=\"og:description\" content=\"&nbsp;   Tilpasset voksne\/eldre hunder med lavere energibehov\/ eller de som trenger \u00e5 g\u00e5 ned i vekt  Redusert fettinnhold \u2013 st\u00f8tter vektkontroll  Et balansert f\u00f4r basert p\u00e5 fj\u00e6rfeprotein, ris og havre  Med MOS og FOS \u2013 prebiotiske fibre for sunn ford\u00f8yelse  Rik p\u00e5 vitaminer og mineraler  Topp smakelighet  Energifordeling: 24% protein, 9% fett  15 kg  3445 kcal\/kg  Last ned produktinformasjon\" \/>\n<meta property=\"og:url\" content=\"https:\/\/vipdogwear.com\/nettbutikk\/vip-adult-light-vital-15kg\/\" \/>\n<meta property=\"og:site_name\" content=\"V.I.P dogwear\" \/>\n<meta property=\"article:modified_time\" content=\"2026-03-24T11:31:07+00:00\" \/>\n<meta property=\"og:image\" content=\"https:\/\/vipdogwear.com\/wp-content\/uploads\/2025\/09\/adult-light-vital-2-1x1-1.png\" \/>\n\t<meta property=\"og:image:width\" content=\"1000\" \/>\n\t<meta property=\"og:image:height\" content=\"1000\" \/>\n\t<meta property=\"og:image:type\" content=\"image\/png\" \/>\n<meta name=\"twitter:card\" content=\"summary_large_image\" \/>\n<meta name=\"twitter:label1\" content=\"Est. reading time\" \/>\n\t<meta name=\"twitter:data1\" content=\"2 minutes\" \/>\n<script type=\"application\/ld+json\" class=\"yoast-schema-graph\">{\"@context\":\"https:\/\/schema.org\",\"@graph\":[{\"@type\":\"WebPage\",\"@id\":\"https:\/\/vipdogwear.com\/nettbutikk\/vip-adult-light-vital-15kg\/\",\"url\":\"https:\/\/vipdogwear.com\/nettbutikk\/vip-adult-light-vital-15kg\/\",\"name\":\"VIP Adult Light Vital 15kg - V.I.P dogwear\",\"isPartOf\":{\"@id\":\"https:\/\/vipdogwear.com\/#website\"},\"primaryImageOfPage\":{\"@id\":\"https:\/\/vipdogwear.com\/nettbutikk\/vip-adult-light-vital-15kg\/#primaryimage\"},\"image\":{\"@id\":\"https:\/\/vipdogwear.com\/nettbutikk\/vip-adult-light-vital-15kg\/#primaryimage\"},\"thumbnailUrl\":\"https:\/\/vipdogwear.com\/wp-content\/uploads\/2025\/09\/adult-light-vital-2-1x1-1.png\",\"datePublished\":\"2025-09-30T13:20:11+00:00\",\"dateModified\":\"2026-03-24T11:31:07+00:00\",\"breadcrumb\":{\"@id\":\"https:\/\/vipdogwear.com\/nettbutikk\/vip-adult-light-vital-15kg\/#breadcrumb\"},\"inLanguage\":\"en-US\",\"potentialAction\":[{\"@type\":\"ReadAction\",\"target\":[\"https:\/\/vipdogwear.com\/nettbutikk\/vip-adult-light-vital-15kg\/\"]}]},{\"@type\":\"ImageObject\",\"inLanguage\":\"en-US\",\"@id\":\"https:\/\/vipdogwear.com\/nettbutikk\/vip-adult-light-vital-15kg\/#primaryimage\",\"url\":\"https:\/\/vipdogwear.com\/wp-content\/uploads\/2025\/09\/adult-light-vital-2-1x1-1.png\",\"contentUrl\":\"https:\/\/vipdogwear.com\/wp-content\/uploads\/2025\/09\/adult-light-vital-2-1x1-1.png\",\"width\":1000,\"height\":1000},{\"@type\":\"BreadcrumbList\",\"@id\":\"https:\/\/vipdogwear.com\/nettbutikk\/vip-adult-light-vital-15kg\/#breadcrumb\",\"itemListElement\":[{\"@type\":\"ListItem\",\"position\":1,\"name\":\"Hjem\",\"item\":\"https:\/\/vipdogwear.com\/en\/\"},{\"@type\":\"ListItem\",\"position\":2,\"name\":\"Shop\",\"item\":\"https:\/\/vipdogwear.com\/en\/shop-2\/\"},{\"@type\":\"ListItem\",\"position\":3,\"name\":\"T\u00f8rrf\u00f4r\",\"item\":\"https:\/\/vipdogwear.com\/produkt-kategori\/torrfor\/\"},{\"@type\":\"ListItem\",\"position\":4,\"name\":\"VIP Adult Light Vital 15kg\"}]},{\"@type\":\"WebSite\",\"@id\":\"https:\/\/vipdogwear.com\/#website\",\"url\":\"https:\/\/vipdogwear.com\/\",\"name\":\"V.I.P dogwear\",\"description\":\"Vi f\u00f4rer dine firbente venner, uansett type, alder eller aktivitetsniv\u00e5\",\"publisher\":{\"@id\":\"https:\/\/vipdogwear.com\/#organization\"},\"potentialAction\":[{\"@type\":\"SearchAction\",\"target\":{\"@type\":\"EntryPoint\",\"urlTemplate\":\"https:\/\/vipdogwear.com\/?s={search_term_string}\"},\"query-input\":{\"@type\":\"PropertyValueSpecification\",\"valueRequired\":true,\"valueName\":\"search_term_string\"}}],\"inLanguage\":\"en-US\"},{\"@type\":\"Organization\",\"@id\":\"https:\/\/vipdogwear.com\/#organization\",\"name\":\"VIP Dogwear\",\"url\":\"https:\/\/vipdogwear.com\/\",\"logo\":{\"@type\":\"ImageObject\",\"inLanguage\":\"en-US\",\"@id\":\"https:\/\/vipdogwear.com\/#\/schema\/logo\/image\/\",\"url\":\"https:\/\/vipdogwear.com\/wp-content\/uploads\/2019\/02\/vip-logo-org.png\",\"contentUrl\":\"https:\/\/vipdogwear.com\/wp-content\/uploads\/2019\/02\/vip-logo-org.png\",\"width\":468,\"height\":93,\"caption\":\"VIP Dogwear\"},\"image\":{\"@id\":\"https:\/\/vipdogwear.com\/#\/schema\/logo\/image\/\"}}]}<\/script>\n<!-- \/ Yoast SEO plugin. -->","yoast_head_json":{"title":"VIP Adult Light Vital 15kg - V.I.P dogwear","robots":{"index":"index","follow":"follow","max-snippet":"max-snippet:-1","max-image-preview":"max-image-preview:large","max-video-preview":"max-video-preview:-1"},"canonical":"https:\/\/vipdogwear.com\/nettbutikk\/vip-adult-light-vital-15kg\/","og_locale":"en_US","og_type":"article","og_title":"VIP Adult Light Vital 15kg - V.I.P dogwear","og_description":"&nbsp;   Tilpasset voksne\/eldre hunder med lavere energibehov\/ eller de som trenger \u00e5 g\u00e5 ned i vekt  Redusert fettinnhold \u2013 st\u00f8tter vektkontroll  Et balansert f\u00f4r basert p\u00e5 fj\u00e6rfeprotein, ris og havre  Med MOS og FOS \u2013 prebiotiske fibre for sunn ford\u00f8yelse  Rik p\u00e5 vitaminer og mineraler  Topp smakelighet  Energifordeling: 24% protein, 9% fett  15 kg  3445 kcal\/kg  Last ned produktinformasjon","og_url":"https:\/\/vipdogwear.com\/nettbutikk\/vip-adult-light-vital-15kg\/","og_site_name":"V.I.P dogwear","article_modified_time":"2026-03-24T11:31:07+00:00","og_image":[{"width":1000,"height":1000,"url":"https:\/\/vipdogwear.com\/wp-content\/uploads\/2025\/09\/adult-light-vital-2-1x1-1.png","type":"image\/png"}],"twitter_card":"summary_large_image","twitter_misc":{"Est. reading time":"2 minutes"},"schema":{"@context":"https:\/\/schema.org","@graph":[{"@type":"WebPage","@id":"https:\/\/vipdogwear.com\/nettbutikk\/vip-adult-light-vital-15kg\/","url":"https:\/\/vipdogwear.com\/nettbutikk\/vip-adult-light-vital-15kg\/","name":"VIP Adult Light Vital 15kg - V.I.P dogwear","isPartOf":{"@id":"https:\/\/vipdogwear.com\/#website"},"primaryImageOfPage":{"@id":"https:\/\/vipdogwear.com\/nettbutikk\/vip-adult-light-vital-15kg\/#primaryimage"},"image":{"@id":"https:\/\/vipdogwear.com\/nettbutikk\/vip-adult-light-vital-15kg\/#primaryimage"},"thumbnailUrl":"https:\/\/vipdogwear.com\/wp-content\/uploads\/2025\/09\/adult-light-vital-2-1x1-1.png","datePublished":"2025-09-30T13:20:11+00:00","dateModified":"2026-03-24T11:31:07+00:00","breadcrumb":{"@id":"https:\/\/vipdogwear.com\/nettbutikk\/vip-adult-light-vital-15kg\/#breadcrumb"},"inLanguage":"en-US","potentialAction":[{"@type":"ReadAction","target":["https:\/\/vipdogwear.com\/nettbutikk\/vip-adult-light-vital-15kg\/"]}]},{"@type":"ImageObject","inLanguage":"en-US","@id":"https:\/\/vipdogwear.com\/nettbutikk\/vip-adult-light-vital-15kg\/#primaryimage","url":"https:\/\/vipdogwear.com\/wp-content\/uploads\/2025\/09\/adult-light-vital-2-1x1-1.png","contentUrl":"https:\/\/vipdogwear.com\/wp-content\/uploads\/2025\/09\/adult-light-vital-2-1x1-1.png","width":1000,"height":1000},{"@type":"BreadcrumbList","@id":"https:\/\/vipdogwear.com\/nettbutikk\/vip-adult-light-vital-15kg\/#breadcrumb","itemListElement":[{"@type":"ListItem","position":1,"name":"Hjem","item":"https:\/\/vipdogwear.com\/en\/"},{"@type":"ListItem","position":2,"name":"Shop","item":"https:\/\/vipdogwear.com\/en\/shop-2\/"},{"@type":"ListItem","position":3,"name":"T\u00f8rrf\u00f4r","item":"https:\/\/vipdogwear.com\/produkt-kategori\/torrfor\/"},{"@type":"ListItem","position":4,"name":"VIP Adult Light Vital 15kg"}]},{"@type":"WebSite","@id":"https:\/\/vipdogwear.com\/#website","url":"https:\/\/vipdogwear.com\/","name":"V.I.P dogwear","description":"Vi f\u00f4rer dine firbente venner, uansett type, alder eller aktivitetsniv\u00e5","publisher":{"@id":"https:\/\/vipdogwear.com\/#organization"},"potentialAction":[{"@type":"SearchAction","target":{"@type":"EntryPoint","urlTemplate":"https:\/\/vipdogwear.com\/?s={search_term_string}"},"query-input":{"@type":"PropertyValueSpecification","valueRequired":true,"valueName":"search_term_string"}}],"inLanguage":"en-US"},{"@type":"Organization","@id":"https:\/\/vipdogwear.com\/#organization","name":"VIP Dogwear","url":"https:\/\/vipdogwear.com\/","logo":{"@type":"ImageObject","inLanguage":"en-US","@id":"https:\/\/vipdogwear.com\/#\/schema\/logo\/image\/","url":"https:\/\/vipdogwear.com\/wp-content\/uploads\/2019\/02\/vip-logo-org.png","contentUrl":"https:\/\/vipdogwear.com\/wp-content\/uploads\/2019\/02\/vip-logo-org.png","width":468,"height":93,"caption":"VIP Dogwear"},"image":{"@id":"https:\/\/vipdogwear.com\/#\/schema\/logo\/image\/"}}]}},"_links":{"self":[{"href":"https:\/\/vipdogwear.com\/en\/wp-json\/wp\/v2\/product\/9349","targetHints":{"allow":["GET"]}}],"collection":[{"href":"https:\/\/vipdogwear.com\/en\/wp-json\/wp\/v2\/product"}],"about":[{"href":"https:\/\/vipdogwear.com\/en\/wp-json\/wp\/v2\/types\/product"}],"replies":[{"embeddable":true,"href":"https:\/\/vipdogwear.com\/en\/wp-json\/wp\/v2\/comments?post=9349"}],"wp:featuredmedia":[{"embeddable":true,"href":"https:\/\/vipdogwear.com\/en\/wp-json\/wp\/v2\/media\/9350"}],"wp:attachment":[{"href":"https:\/\/vipdogwear.com\/en\/wp-json\/wp\/v2\/media?parent=9349"}],"wp:term":[{"taxonomy":"product_brand","embeddable":true,"href":"https:\/\/vipdogwear.com\/en\/wp-json\/wp\/v2\/product_brand?post=9349"},{"taxonomy":"product_cat","embeddable":true,"href":"https:\/\/vipdogwear.com\/en\/wp-json\/wp\/v2\/product_cat?post=9349"},{"taxonomy":"product_tag","embeddable":true,"href":"https:\/\/vipdogwear.com\/en\/wp-json\/wp\/v2\/product_tag?post=9349"}],"curies":[{"name":"wp","href":"https:\/\/api.w.org\/{rel}","templated":true}]}}